{"id":134,"date":"2022-05-06T10:03:22","date_gmt":"2022-05-06T08:03:22","guid":{"rendered":"http:\/\/www.clairdesol.be\/?page_id=134"},"modified":"2022-07-28T16:28:51","modified_gmt":"2022-07-28T14:28:51","slug":"musique","status":"publish","type":"page","link":"https:\/\/www.clairdesol.be\/index.php\/musique\/","title":{"rendered":"Musique Trad"},"content":{"rendered":"\n<p>Invitation \u00e0 l&#8217;\u00e9coute ou \u00e0 la danse sur des musiques traditionnelles provenant de diff\u00e9rentes r\u00e9gions.\n<br>Avec la complicit\u00e9 de&nbsp;&nbsp;\n<a href=\"http:\/\/www.clairdesol.be\/index.php\/acam-musique-trad\/\">ACAM<\/a>&nbsp;&nbsp;ou&nbsp;&nbsp;\n<a href=\"http:\/\/www.clairdesol.be\/index.php\/wall-street-folk\/\">Wall Street<\/a>\n<hr>Gigue &#8211; Scottisch &#8211; Cercle circassien &#8211; Mazurka &#8211; Valse\n<br>Polka &#8211; Bourr\u00e9e &#8211; Andro &#8211; Hanterdro &#8211; Rondeau &#8211; &#8230;\n<hr>\n","protected":false},"excerpt":{"rendered":"<p>Invitation \u00e0 l&#8217;\u00e9coute ou \u00e0 la danse sur des musiques traditionnelles provenant de diff\u00e9rentes r\u00e9gions. Avec la complicit\u00e9 de&nbsp;&nbsp; ACAM&nbsp;&nbsp;ou&nbsp;&nbsp; Wall Street Gigue &#8211; Scottisch &#8211; Cercle circassien &#8211; Mazurka &#8211; Valse Polka &#8211; Bourr\u00e9e &#8211; Andro &#8211; Hanterdro &#8211; Rondeau &#8211; &#8230;<\/p>\n","protected":false},"author":1,"featured_media":0,"parent":0,"menu_order":0,"comment_status":"closed","ping_status":"closed","template":"","meta":[],"_links":{"self":[{"href":"https:\/\/www.clairdesol.be\/index.php\/wp-json\/wp\/v2\/pages\/134"}],"collection":[{"href":"https:\/\/www.clairdesol.be\/index.php\/wp-json\/wp\/v2\/pages"}],"about":[{"href":"https:\/\/www.clairdesol.be\/index.php\/wp-json\/wp\/v2\/types\/page"}],"author":[{"embeddable":true,"href":"https:\/\/www.clairdesol.be\/index.php\/wp-json\/wp\/v2\/users\/1"}],"replies":[{"embeddable":true,"href":"https:\/\/www.clairdesol.be\/index.php\/wp-json\/wp\/v2\/comments?post=134"}],"version-history":[{"count":18,"href":"https:\/\/www.clairdesol.be\/index.php\/wp-json\/wp\/v2\/pages\/134\/revisions"}],"predecessor-version":[{"id":363,"href":"https:\/\/www.clairdesol.be\/index.php\/wp-json\/wp\/v2\/pages\/134\/revisions\/363"}],"wp:attachment":[{"href":"https:\/\/www.clairdesol.be\/index.php\/wp-json\/wp\/v2\/media?parent=134"}],"curies":[{"name":"wp","href":"https:\/\/api.w.org\/{rel}","templated":true}]}}