{"id":137,"date":"2022-05-06T10:06:46","date_gmt":"2022-05-06T08:06:46","guid":{"rendered":"http:\/\/www.clairdesol.be\/?page_id=137"},"modified":"2022-07-28T14:46:13","modified_gmt":"2022-07-28T12:46:13","slug":"acam-musique-trad","status":"publish","type":"page","link":"https:\/\/www.clairdesol.be\/index.php\/acam-musique-trad\/","title":{"rendered":"ACAM"},"content":{"rendered":"\n<p>C\u2019est en bal folk que le groupe interpr\u00e8te le mieux son r\u00e9pertoire de musique \u00e0 danser. <\/p>\n\n\n\n<p>Car ACAM recherche en priorit\u00e9 la connivence entre musiciens et danseurs en partageant leur plaisir de jouer.<\/p>\n\n\n\n<figure class=\"wp-block-image size-large is-resized\"><img loading=\"lazy\" src=\"http:\/\/www.clairdesol.be\/wp-content\/uploads\/2022\/05\/ACAM_10-1024x201.png\" alt=\"\" class=\"wp-image-141\" width=\"619\" height=\"143\"\/><\/figure>\n\n\n\n<p>Mais rappelez-vous ce slogan qui accompagne les messages publicitaires de plusieurs productions bien belges&nbsp;:<br><strong><em>Ce qui se produit avec sagesse se consomme avec mod\u00e9ration<\/em><\/strong>.<\/p>\n\n\n\n<p><br>Tout est dit\u2026 prenez plaisir \u00e0 danser sur leur musique et si, \u00e0 l\u2019heure du dernier morceau, vous vous dites \u00ab&nbsp;Oh, c\u2019est d\u00e9j\u00e0 fini&nbsp;?&nbsp;\u00bb, c\u2019est que la magie aura op\u00e9r\u00e9.<\/p>\n\n\n\n<p>Et pourquoi pas une version concert ??<\/p>\n\n\n\n<h2>Les membres du groupe<\/h2>\n\n\n\n<ul><li><strong>Josiane MOUZON<\/strong>&nbsp;: Accord\u00e9on diatonique<\/li><li><strong>Michel BERHIN<\/strong>&nbsp;: Fl\u00fbtes et cornemuses<\/li><li><strong>Philippe LISSON<\/strong>&nbsp;: Contrebasse<\/li><\/ul>\n","protected":false},"excerpt":{"rendered":"<p>C\u2019est en bal folk que le groupe interpr\u00e8te le mieux son r\u00e9pertoire de musique \u00e0 danser. Car ACAM recherche en priorit\u00e9 la connivence entre musiciens et danseurs en partageant leur plaisir de jouer. Mais rappelez-vous ce slogan qui accompagne les messages publicitaires de plusieurs productions bien belges&nbsp;:Ce qui se produit avec sagesse se consomme avec &hellip; <\/p>\n<p><a class=\"more-link btn\" href=\"https:\/\/www.clairdesol.be\/index.php\/acam-musique-trad\/\">Continue reading<\/a><\/p>\n","protected":false},"author":1,"featured_media":0,"parent":0,"menu_order":0,"comment_status":"closed","ping_status":"closed","template":"","meta":[],"_links":{"self":[{"href":"https:\/\/www.clairdesol.be\/index.php\/wp-json\/wp\/v2\/pages\/137"}],"collection":[{"href":"https:\/\/www.clairdesol.be\/index.php\/wp-json\/wp\/v2\/pages"}],"about":[{"href":"https:\/\/www.clairdesol.be\/index.php\/wp-json\/wp\/v2\/types\/page"}],"author":[{"embeddable":true,"href":"https:\/\/www.clairdesol.be\/index.php\/wp-json\/wp\/v2\/users\/1"}],"replies":[{"embeddable":true,"href":"https:\/\/www.clairdesol.be\/index.php\/wp-json\/wp\/v2\/comments?post=137"}],"version-history":[{"count":4,"href":"https:\/\/www.clairdesol.be\/index.php\/wp-json\/wp\/v2\/pages\/137\/revisions"}],"predecessor-version":[{"id":332,"href":"https:\/\/www.clairdesol.be\/index.php\/wp-json\/wp\/v2\/pages\/137\/revisions\/332"}],"wp:attachment":[{"href":"https:\/\/www.clairdesol.be\/index.php\/wp-json\/wp\/v2\/media?parent=137"}],"curies":[{"name":"wp","href":"https:\/\/api.w.org\/{rel}","templated":true}]}}