{"id":145,"date":"2022-05-06T10:15:33","date_gmt":"2022-05-06T08:15:33","guid":{"rendered":"http:\/\/www.clairdesol.be\/?page_id=145"},"modified":"2022-07-28T14:53:40","modified_gmt":"2022-07-28T12:53:40","slug":"wall-street-folk","status":"publish","type":"page","link":"https:\/\/www.clairdesol.be\/index.php\/wall-street-folk\/","title":{"rendered":"Wall Street"},"content":{"rendered":"\n<h3>Wall Street fait peau neuve<\/h3>\n\n\n\n<figure class=\"wp-block-image\"><img src=\"http:\/\/cdn.simplesite.com\/i\/bb\/40\/287104483713237179\/i287104489312696200._szw480h1280_.jpg\" alt=\"\"\/><\/figure>\n\n\n\n<p><strong>Les mauvais&nbsp;moments sont maintenant derri\u00e8re nous et Wall Street s&#8217;est remis au travail.<\/strong><\/p>\n\n\n\n<p><strong>Wall Street est aujourd&#8217;hui un trio : accord\u00e9on ou cornemuse, guitare et contrebasse.<\/strong><\/p>\n\n\n\n<p><strong>Nous n&#8217;avons qu&#8217;une envie&nbsp;: animer un immense bal avec plein de danseurs et ainsi reprendre ce qui nous tient le plus \u00e0 coeur.<\/strong><\/p>\n\n\n\n<h2>Les membres du groupe<\/h2>\n\n\n\n<ul><li><strong>Jean-Pierre WILMOTTE<\/strong>&nbsp;: accord\u00e9on, m\u00e9lod\u00e9on, cornemuses, fl\u00fbtes irlandaises, chant<\/li><li><strong>Luc DEMULDER<\/strong>&nbsp;: guitare folk, guitare manouche, cornemuse<\/li><li><strong>Philippe LISSON<\/strong>&nbsp;: Contrebasse<\/li><\/ul>\n<p> <\/p>\n\n\n\n<p>Un peu de musique ? &nbsp;&nbsp;<a href=\"http:\/\/www.wallstreetfolk.be\/422007369\">www.wallstreetfolk.be<\/a><\/p>\n","protected":false},"excerpt":{"rendered":"<p>Wall Street fait peau neuve Les mauvais&nbsp;moments sont maintenant derri\u00e8re nous et Wall Street s&#8217;est remis au travail. Wall Street est aujourd&#8217;hui un trio : accord\u00e9on ou cornemuse, guitare et contrebasse. Nous n&#8217;avons qu&#8217;une envie&nbsp;: animer un immense bal avec plein de danseurs et ainsi reprendre ce qui nous tient le plus \u00e0 coeur. Les &hellip; <\/p>\n<p><a class=\"more-link btn\" href=\"https:\/\/www.clairdesol.be\/index.php\/wall-street-folk\/\">Continue reading<\/a><\/p>\n","protected":false},"author":1,"featured_media":0,"parent":0,"menu_order":0,"comment_status":"closed","ping_status":"closed","template":"","meta":[],"_links":{"self":[{"href":"https:\/\/www.clairdesol.be\/index.php\/wp-json\/wp\/v2\/pages\/145"}],"collection":[{"href":"https:\/\/www.clairdesol.be\/index.php\/wp-json\/wp\/v2\/pages"}],"about":[{"href":"https:\/\/www.clairdesol.be\/index.php\/wp-json\/wp\/v2\/types\/page"}],"author":[{"embeddable":true,"href":"https:\/\/www.clairdesol.be\/index.php\/wp-json\/wp\/v2\/users\/1"}],"replies":[{"embeddable":true,"href":"https:\/\/www.clairdesol.be\/index.php\/wp-json\/wp\/v2\/comments?post=145"}],"version-history":[{"count":12,"href":"https:\/\/www.clairdesol.be\/index.php\/wp-json\/wp\/v2\/pages\/145\/revisions"}],"predecessor-version":[{"id":340,"href":"https:\/\/www.clairdesol.be\/index.php\/wp-json\/wp\/v2\/pages\/145\/revisions\/340"}],"wp:attachment":[{"href":"https:\/\/www.clairdesol.be\/index.php\/wp-json\/wp\/v2\/media?parent=145"}],"curies":[{"name":"wp","href":"https:\/\/api.w.org\/{rel}","templated":true}]}}