{"id":183,"date":"2022-07-27T16:06:20","date_gmt":"2022-07-27T14:06:20","guid":{"rendered":"http:\/\/www.clairdesol.be\/?page_id=183"},"modified":"2022-07-28T16:26:17","modified_gmt":"2022-07-28T14:26:17","slug":"formations","status":"publish","type":"page","link":"https:\/\/www.clairdesol.be\/index.php\/formations\/","title":{"rendered":"Formations"},"content":{"rendered":"\nPlusieurs formations pour les professionnels sont organis\u00e9es tout au long de l&#8217;ann\u00e9e,\n<br>en collaboration avec\n<ul>\n<li><a href=\"http:\/\/www.clairdesol.be\/index.php\/formations-one\/\">l&#8217;ONE<\/a> <\/li>\n<li><a href=\"http:\/\/www.clairdesol.be\/index.php\/lecture-publique\/\">le r\u00e9seau de la Lecture Publique de la FWB<\/a><\/li>\n<li>le r\u00e9seau des Biblioth\u00e8ques de Charleroi<\/li><\/ul>\n<hr>\nSi vous ou votre organisme d\u00e9sirez une formation en \u00e9veil musical, chant ou danse pour professionnels de l&#8217;enfance et de la petite enfance, n&#8217;h\u00e9sitez pas \u00e0 nous contacter !\n\n\n\n<p><\/p>\n","protected":false},"excerpt":{"rendered":"<p>Plusieurs formations pour les professionnels sont organis\u00e9es tout au long de l&#8217;ann\u00e9e, en collaboration avec l&#8217;ONE le r\u00e9seau de la Lecture Publique de la FWB le r\u00e9seau des Biblioth\u00e8ques de Charleroi Si vous ou votre organisme d\u00e9sirez une formation en \u00e9veil musical, chant ou danse pour professionnels de l&#8217;enfance et de la petite enfance, n&#8217;h\u00e9sitez &hellip; <\/p>\n<p><a class=\"more-link btn\" href=\"https:\/\/www.clairdesol.be\/index.php\/formations\/\">Continue reading<\/a><\/p>\n","protected":false},"author":1,"featured_media":0,"parent":0,"menu_order":0,"comment_status":"closed","ping_status":"closed","template":"","meta":[],"_links":{"self":[{"href":"https:\/\/www.clairdesol.be\/index.php\/wp-json\/wp\/v2\/pages\/183"}],"collection":[{"href":"https:\/\/www.clairdesol.be\/index.php\/wp-json\/wp\/v2\/pages"}],"about":[{"href":"https:\/\/www.clairdesol.be\/index.php\/wp-json\/wp\/v2\/types\/page"}],"author":[{"embeddable":true,"href":"https:\/\/www.clairdesol.be\/index.php\/wp-json\/wp\/v2\/users\/1"}],"replies":[{"embeddable":true,"href":"https:\/\/www.clairdesol.be\/index.php\/wp-json\/wp\/v2\/comments?post=183"}],"version-history":[{"count":14,"href":"https:\/\/www.clairdesol.be\/index.php\/wp-json\/wp\/v2\/pages\/183\/revisions"}],"predecessor-version":[{"id":361,"href":"https:\/\/www.clairdesol.be\/index.php\/wp-json\/wp\/v2\/pages\/183\/revisions\/361"}],"wp:attachment":[{"href":"https:\/\/www.clairdesol.be\/index.php\/wp-json\/wp\/v2\/media?parent=183"}],"curies":[{"name":"wp","href":"https:\/\/api.w.org\/{rel}","templated":true}]}}