{"id":268,"date":"2022-07-27T18:35:08","date_gmt":"2022-07-27T16:35:08","guid":{"rendered":"http:\/\/www.clairdesol.be\/?page_id=268"},"modified":"2023-08-22T16:30:31","modified_gmt":"2023-08-22T14:30:31","slug":"cancrenote","status":"publish","type":"page","link":"https:\/\/www.clairdesol.be\/index.php\/cancrenote\/","title":{"rendered":"Cancrenote"},"content":{"rendered":"\n<p>Cancrenote vous propose plusieurs spectacles\u2026<br>\u2026 des chansons, de la po\u00e9sie, de la musique !<\/p>\n<img loading=\"lazy\" src=\"http:\/\/www.clairdesol.be\/wp-content\/uploads\/2022\/07\/Cancrenote-Goutte-a\u0300-goutte-02-1024x683.jpg\" alt=\"\" class=\"wp-image-164\" width=\"189\" height=\"126\" srcset=\"https:\/\/www.clairdesol.be\/wp-content\/uploads\/2022\/07\/Cancrenote-Goutte-a\u0300-goutte-02-1024x683.jpg 1024w, https:\/\/www.clairdesol.be\/wp-content\/uploads\/2022\/07\/Cancrenote-Goutte-a\u0300-goutte-02-300x200.jpg 300w, https:\/\/www.clairdesol.be\/wp-content\/uploads\/2022\/07\/Cancrenote-Goutte-a\u0300-goutte-02-768x513.jpg 768w, https:\/\/www.clairdesol.be\/wp-content\/uploads\/2022\/07\/Cancrenote-Goutte-a\u0300-goutte-02-750x501.jpg 750w, https:\/\/www.clairdesol.be\/wp-content\/uploads\/2022\/07\/Cancrenote-Goutte-a\u0300-goutte-02.jpg 1416w\" sizes=\"(max-width: 189px) 100vw, 189px\" \/>\n<img loading=\"lazy\" src=\"http:\/\/www.clairdesol.be\/wp-content\/uploads\/2022\/07\/Cancrenote-Goutte-a\u0300-goutte-03-1024x683.jpg\" alt=\"\" class=\"wp-image-165\" width=\"189\" height=\"126\" srcset=\"https:\/\/www.clairdesol.be\/wp-content\/uploads\/2022\/07\/Cancrenote-Goutte-a\u0300-goutte-03-1024x683.jpg 1024w, https:\/\/www.clairdesol.be\/wp-content\/uploads\/2022\/07\/Cancrenote-Goutte-a\u0300-goutte-03-300x200.jpg 300w, https:\/\/www.clairdesol.be\/wp-content\/uploads\/2022\/07\/Cancrenote-Goutte-a\u0300-goutte-03-768x513.jpg 768w, https:\/\/www.clairdesol.be\/wp-content\/uploads\/2022\/07\/Cancrenote-Goutte-a\u0300-goutte-03-750x501.jpg 750w, https:\/\/www.clairdesol.be\/wp-content\/uploads\/2022\/07\/Cancrenote-Goutte-a\u0300-goutte-03.jpg 1416w\" sizes=\"(max-width: 189px) 100vw, 189px\" \/>\n<img loading=\"lazy\" src=\"http:\/\/www.clairdesol.be\/wp-content\/uploads\/2022\/07\/DSC04757-1024x683.jpg\" alt=\"\" class=\"wp-image-167\" width=\"189\" height=\"126\" srcset=\"https:\/\/www.clairdesol.be\/wp-content\/uploads\/2022\/07\/DSC04757-1024x683.jpg 1024w, https:\/\/www.clairdesol.be\/wp-content\/uploads\/2022\/07\/DSC04757-300x200.jpg 300w, https:\/\/www.clairdesol.be\/wp-content\/uploads\/2022\/07\/DSC04757-768x512.jpg 768w, https:\/\/www.clairdesol.be\/wp-content\/uploads\/2022\/07\/DSC04757-1536x1024.jpg 1536w, https:\/\/www.clairdesol.be\/wp-content\/uploads\/2022\/07\/DSC04757-2048x1365.jpg 2048w, https:\/\/www.clairdesol.be\/wp-content\/uploads\/2022\/07\/DSC04757-750x500.jpg 750w\" sizes=\"(max-width: 189px) 100vw, 189px\" \/>\n<br><br><ul>\n<li>Zoupi et les histoires en bo\u00eetes (3-8 ans)<\/li>\n<li>Goutte \u00e0 goutte (1-5 ans)<\/li>\n<li>La soupe au bonheur (3-8 ans)<\/li>\n<hr>Des infos&#8230;. rendez-vous sur &nbsp;&nbsp;<a href=\"http:\/\/www.cancrenote.be\" target=\"_blank\" rel=\"noreferrer noopener\">www.cancrenote.be<\/a>\n\n\n\n<p><\/p>\n","protected":false},"excerpt":{"rendered":"<p>Cancrenote vous propose plusieurs spectacles\u2026\u2026 des chansons, de la po\u00e9sie, de la musique ! Zoupi et les histoires en bo\u00eetes (3-8 ans) Goutte \u00e0 goutte (1-5 ans) La soupe au bonheur (3-8 ans) Des infos&#8230;. rendez-vous sur &nbsp;&nbsp;www.cancrenote.be<\/p>\n","protected":false},"author":1,"featured_media":0,"parent":0,"menu_order":0,"comment_status":"closed","ping_status":"closed","template":"","meta":[],"_links":{"self":[{"href":"https:\/\/www.clairdesol.be\/index.php\/wp-json\/wp\/v2\/pages\/268"}],"collection":[{"href":"https:\/\/www.clairdesol.be\/index.php\/wp-json\/wp\/v2\/pages"}],"about":[{"href":"https:\/\/www.clairdesol.be\/index.php\/wp-json\/wp\/v2\/types\/page"}],"author":[{"embeddable":true,"href":"https:\/\/www.clairdesol.be\/index.php\/wp-json\/wp\/v2\/users\/1"}],"replies":[{"embeddable":true,"href":"https:\/\/www.clairdesol.be\/index.php\/wp-json\/wp\/v2\/comments?post=268"}],"version-history":[{"count":5,"href":"https:\/\/www.clairdesol.be\/index.php\/wp-json\/wp\/v2\/pages\/268\/revisions"}],"predecessor-version":[{"id":367,"href":"https:\/\/www.clairdesol.be\/index.php\/wp-json\/wp\/v2\/pages\/268\/revisions\/367"}],"wp:attachment":[{"href":"https:\/\/www.clairdesol.be\/index.php\/wp-json\/wp\/v2\/media?parent=268"}],"curies":[{"name":"wp","href":"https:\/\/api.w.org\/{rel}","templated":true}]}}