{"id":393,"date":"2026-01-14T14:37:38","date_gmt":"2026-01-14T13:37:38","guid":{"rendered":"https:\/\/www.clairdesol.be\/?page_id=393"},"modified":"2026-01-14T14:53:52","modified_gmt":"2026-01-14T13:53:52","slug":"ateliers","status":"publish","type":"page","link":"https:\/\/www.clairdesol.be\/index.php\/ateliers\/","title":{"rendered":"Ateliers"},"content":{"rendered":"\n<p><strong>Eveil musical<\/strong><br>Eveil aux rythmes, aux sons et aux sensations qu\u2019ils g\u00e9n\u00e8rent pour ensuite prendre la libert\u00e9 de s\u2019exprimer devant le groupe par le mouvement et la voix.<\/p>\n<p><strong>Danse et voix<\/strong><br>Exploration du corps en mouvement, dans l\u2019espace, en relation \u00e0 l\u2019autre, en harmonie avec la voix.<\/p>\n<p><strong>Danses traditionnelles<\/strong><br>Initiation aux musiques et danses traditionnelles.<\/p>\n<p><strong>Th\u00e9\u00e2tre<\/strong><br>Initiation \u00e0 la dynamique th\u00e9\u00e2trale en d\u00e9veloppant sa sensibilit\u00e9 et la connaissance de son corps.<\/p>\n","protected":false},"excerpt":{"rendered":"<p>Eveil musicalEveil aux rythmes, aux sons et aux sensations qu\u2019ils g\u00e9n\u00e8rent pour ensuite prendre la libert\u00e9 de s\u2019exprimer devant le groupe par le mouvement et la voix. Danse et voixExploration du corps en mouvement, dans l\u2019espace, en relation \u00e0 l\u2019autre, en harmonie avec la voix. Danses traditionnellesInitiation aux musiques et danses traditionnelles. Th\u00e9\u00e2treInitiation \u00e0 la &hellip; <\/p>\n<p><a class=\"more-link btn\" href=\"https:\/\/www.clairdesol.be\/index.php\/ateliers\/\">Continue reading<\/a><\/p>\n","protected":false},"author":1,"featured_media":0,"parent":0,"menu_order":0,"comment_status":"closed","ping_status":"closed","template":"","meta":[],"_links":{"self":[{"href":"https:\/\/www.clairdesol.be\/index.php\/wp-json\/wp\/v2\/pages\/393"}],"collection":[{"href":"https:\/\/www.clairdesol.be\/index.php\/wp-json\/wp\/v2\/pages"}],"about":[{"href":"https:\/\/www.clairdesol.be\/index.php\/wp-json\/wp\/v2\/types\/page"}],"author":[{"embeddable":true,"href":"https:\/\/www.clairdesol.be\/index.php\/wp-json\/wp\/v2\/users\/1"}],"replies":[{"embeddable":true,"href":"https:\/\/www.clairdesol.be\/index.php\/wp-json\/wp\/v2\/comments?post=393"}],"version-history":[{"count":10,"href":"https:\/\/www.clairdesol.be\/index.php\/wp-json\/wp\/v2\/pages\/393\/revisions"}],"predecessor-version":[{"id":409,"href":"https:\/\/www.clairdesol.be\/index.php\/wp-json\/wp\/v2\/pages\/393\/revisions\/409"}],"wp:attachment":[{"href":"https:\/\/www.clairdesol.be\/index.php\/wp-json\/wp\/v2\/media?parent=393"}],"curies":[{"name":"wp","href":"https:\/\/api.w.org\/{rel}","templated":true}]}}